{"id":29,"date":"2025-04-27T10:29:45","date_gmt":"2025-04-27T10:29:45","guid":{"rendered":"https:\/\/psicologos.klientoo.es\/?page_id=29"},"modified":"2025-06-15T20:33:06","modified_gmt":"2025-06-15T20:33:06","slug":"psicologos1","status":"publish","type":"page","link":"https:\/\/psicologos.klientoo.es\/","title":{"rendered":"Sistema AGC para psic\u00f3logos"},"content":{"rendered":"<p>Caso de Estudio Revelador (Ang\u00e9lica Meza)<\/p>\n<h2>Como una Psic\u00f3loga Gener\u00f3 12 Clientes y 2.760\u20ac en menos de 30 d\u00edas<\/h2>\n<p>Descubre el Sistema Exacto de 3 pasos y c\u00f3mo puedes Implementarlo&nbsp;<\/p>\n<p>(aunque no sepas nada de Marketing)<\/p>\n<p> <a href=\"https:\/\/api.whatsapp.com\/send?phone=+34603183763&#038;text=Hola%20Alex,%20quiero%20mi%20llamada%201%20a%201%20para%20Psic%C3%B3logos,%20mi%20nombre%20es:\" class=\"op3-link op3-background-ancestor\" target=\"_self\"  data-op-action=\"link\" data-op-select-funnel-step=\"\" data-op-animation-trigger=\"load_delay\" data-op-animation-style=\"\" data-op-animation-loop=\"0\" data-op-timer-minutes=\"1\" data-op-timer-seconds=\"30\" data-op3-smooth-scroll=\"1\" data-op-effect-style=\"bounce\" data-op-effect-style-hover=\"\" data-op-courseaction=\"\">Quiero Mi Llamada 1 a 1&nbsp;S\u00f3lo 20 Profesionales<\/a><\/p>\n","protected":false},"excerpt":{"rendered":"<p>Caso de Estudio Revelador (Ang\u00e9lica Meza) Como una Psic\u00f3loga Gener\u00f3 12 Clientes y 2.760\u20ac en menos de 30 d\u00edas Descubre el Sistema Exacto de 3 pasos y c\u00f3mo puedes Implementarlo&nbsp; (aunque no sepas nada de Marketing) Quiero Mi Llamada 1 a 1&nbsp;S\u00f3lo 20 Profesionales<\/p>\n","protected":false},"author":1,"featured_media":0,"parent":0,"menu_order":0,"comment_status":"closed","ping_status":"closed","template":"op_builder_blank","meta":{"footnotes":""},"class_list":["post-29","page","type-page","status-publish","hentry"],"_links":{"self":[{"href":"https:\/\/psicologos.klientoo.es\/index.php\/wp-json\/wp\/v2\/pages\/29","targetHints":{"allow":["GET"]}}],"collection":[{"href":"https:\/\/psicologos.klientoo.es\/index.php\/wp-json\/wp\/v2\/pages"}],"about":[{"href":"https:\/\/psicologos.klientoo.es\/index.php\/wp-json\/wp\/v2\/types\/page"}],"author":[{"embeddable":true,"href":"https:\/\/psicologos.klientoo.es\/index.php\/wp-json\/wp\/v2\/users\/1"}],"replies":[{"embeddable":true,"href":"https:\/\/psicologos.klientoo.es\/index.php\/wp-json\/wp\/v2\/comments?post=29"}],"version-history":[{"count":25,"href":"https:\/\/psicologos.klientoo.es\/index.php\/wp-json\/wp\/v2\/pages\/29\/revisions"}],"predecessor-version":[{"id":96,"href":"https:\/\/psicologos.klientoo.es\/index.php\/wp-json\/wp\/v2\/pages\/29\/revisions\/96"}],"wp:attachment":[{"href":"https:\/\/psicologos.klientoo.es\/index.php\/wp-json\/wp\/v2\/media?parent=29"}],"curies":[{"name":"wp","href":"https:\/\/api.w.org\/{rel}","templated":true}]}}